{"id":7283,"date":"2023-06-16T15:19:54","date_gmt":"2023-06-16T15:19:54","guid":{"rendered":"https:\/\/sardineshop.be\/product\/filet-de-thon-bonito-a-lorigan\/"},"modified":"2026-04-12T09:14:46","modified_gmt":"2026-04-12T07:14:46","slug":"filet-de-thon-bonito-a-lorigan","status":"publish","type":"product","link":"https:\/\/sardineshop.be\/fr\/produit\/filet-de-thon-bonito-a-lorigan\/","title":{"rendered":"Filet de thon bonito \u00e0 l\u2019origan"},"content":{"rendered":"<div id=\"sardi-275056406\" class=\"sardi-mei-2026 sardi-entity-placement\"><div style=\"background-color:#C34A41; text-align:center; padding:10px; color:white; font-weight:bold;\">\r\n  \ud83d\udd25 Marque du mois : Pinhais \u2013 20 % de r\u00e9duction sur 4 produits\r\n  <a href=\"https:\/\/sardineshop.be\/fr\/product-categorie\/pinhais\/\" style=\"color:white; text-decoration:underline;\">\r\n    D\u00e9couvrez l\u2019offre !\r\n  <\/a>\r\n\r\n<\/div><\/div><p>L\u2019usine de Santa Catarina, situ\u00e9e sur l\u2019\u00eele de S\u00e3o Jorge aux A\u00e7ores, produit l\u2019une des meilleures conserves au monde.<\/p>\n<p>En trois d\u00e9cennies d\u2019existence, elle a \u00e9t\u00e9 r\u00e9compens\u00e9e dix ann\u00e9es de suite par le prix \u00ab le meilleur des meilleurs \u00bb, devan\u00e7ant les plus grandes marques du march\u00e9. Allier m\u00e9thodes traditionnelles et exigences contemporaines est l\u2019un des piliers structurels de l\u2019entreprise. Santa Catarina p\u00eache exclusivement selon la m\u00e9thode \u00ab Pole and Line \u00bb, soit un homme, un hame\u00e7on, une canne et un poisson. Une p\u00eache durable sans prises accessoires.   <\/p>\n","protected":false},"excerpt":{"rendered":"<p>Filet de thon de l\u2019\u00eele de S\u00e3o Jorge aux A\u00e7ores, assaisonn\u00e9 \u00e0 l\u2019origan. Thon bonito p\u00each\u00e9 dans les eaux atlantiques \u00e0 la ligne et \u00e0 l\u2019hame\u00e7on, selon une m\u00e9thode de capture traditionnelle s\u00e9culaire. Le thon est ensuite cuit dans une saumure suivant la recette traditionnelle de l\u2019ancienne conserverie de S\u00e3o Jorge. Il en r\u00e9sulte une texture et une saveur inimitables.   <\/p>\n","protected":false},"featured_media":2366,"comment_status":"open","ping_status":"closed","template":"","meta":{"om_disable_all_campaigns":false,"_monsterinsights_skip_tracking":false,"_monsterinsights_sitenote_active":false,"_monsterinsights_sitenote_note":"","_monsterinsights_sitenote_category":0,"_uf_show_specific_survey":0,"_uf_disable_surveys":false},"product_brand":[],"product_cat":[435,350],"product_tag":[278,378,279,551,410,436,364,280],"giftcard-category":[],"class_list":{"0":"post-7283","1":"product","2":"type-product","3":"status-publish","4":"has-post-thumbnail","6":"product_cat-santa-catarina","7":"product_cat-thon","8":"product_tag-boite","9":"product_tag-bonito","10":"product_tag-conserves","11":"product_tag-origan","12":"product_tag-portugal","13":"product_tag-santa-catarina","14":"product_tag-thon","15":"product_tag-tinnedfishdatenight","17":"first","18":"outofstock","19":"featured","20":"taxable","21":"shipping-taxable","22":"purchasable","23":"product-type-simple"},"group_of_quantity":0,"min_quantity":0,"max_quantity":"","exclude_order_quantity_value_rules":"no","exclude_category_quantity_rules":"no","combine_variations":"no","aioseo_notices":[],"jetpack_sharing_enabled":true,"_links":{"self":[{"href":"https:\/\/sardineshop.be\/fr\/wp-json\/wp\/v2\/product\/7283","targetHints":{"allow":["GET"]}}],"collection":[{"href":"https:\/\/sardineshop.be\/fr\/wp-json\/wp\/v2\/product"}],"about":[{"href":"https:\/\/sardineshop.be\/fr\/wp-json\/wp\/v2\/types\/product"}],"replies":[{"embeddable":true,"href":"https:\/\/sardineshop.be\/fr\/wp-json\/wp\/v2\/comments?post=7283"}],"wp:featuredmedia":[{"embeddable":true,"href":"https:\/\/sardineshop.be\/fr\/wp-json\/wp\/v2\/media\/2366"}],"wp:attachment":[{"href":"https:\/\/sardineshop.be\/fr\/wp-json\/wp\/v2\/media?parent=7283"}],"wp:term":[{"taxonomy":"product_brand","embeddable":true,"href":"https:\/\/sardineshop.be\/fr\/wp-json\/wp\/v2\/product_brand?post=7283"},{"taxonomy":"product_cat","embeddable":true,"href":"https:\/\/sardineshop.be\/fr\/wp-json\/wp\/v2\/product_cat?post=7283"},{"taxonomy":"product_tag","embeddable":true,"href":"https:\/\/sardineshop.be\/fr\/wp-json\/wp\/v2\/product_tag?post=7283"},{"taxonomy":"giftcard-category","embeddable":true,"href":"https:\/\/sardineshop.be\/fr\/wp-json\/wp\/v2\/giftcard-category?post=7283"}],"curies":[{"name":"wp","href":"https:\/\/api.w.org\/{rel}","templated":true}]}}