{"id":7239,"date":"2023-09-04T13:11:22","date_gmt":"2023-09-04T13:11:22","guid":{"rendered":"https:\/\/sardineshop.be\/product\/saint-pierre-a-la-sauce-a-la-menthe\/"},"modified":"2026-04-12T09:13:41","modified_gmt":"2026-04-12T07:13:41","slug":"saint-pierre-a-la-sauce-a-la-menthe","status":"publish","type":"product","link":"https:\/\/sardineshop.be\/fr\/produit\/saint-pierre-a-la-sauce-a-la-menthe\/","title":{"rendered":"Saint-Pierre \u00e0 la sauce \u00e0 la menthe"},"content":{"rendered":"<div id=\"sardi-1470261600\" class=\"sardi-mei-2026 sardi-entity-placement\"><div style=\"background-color:#C34A41; text-align:center; padding:10px; color:white; font-weight:bold;\">\r\n  \ud83d\udd25 Marque du mois : Pinhais \u2013 20 % de r\u00e9duction sur 4 produits\r\n  <a href=\"https:\/\/sardineshop.be\/fr\/product-categorie\/pinhais\/\" style=\"color:white; text-decoration:underline;\">\r\n    D\u00e9couvrez l\u2019offre !\r\n  <\/a>\r\n\r\n<\/div><\/div><p>Des Patatas Bravas en Espagne \u00e0 la Moqueca au Br\u00e9sil, en passant par les saveurs inoubliables de la Su\u00e8de et du Japon, notre chef Lu\u00eds Baena et notre nutritionniste In\u00eas Nogueira ont cr\u00e9\u00e9 une succession r\u00e9volutionnaire de saveurs qui parcourt le monde entier.<br \/>\nEn construisant notre propre conserverie (la plus petite du Portugal), nous ne sommes plus li\u00e9s aux contraintes associ\u00e9es au co-packing via un producteur plus important. L\u2019\u00e9poque des quantit\u00e9s minimales de commande est r\u00e9volue. L\u2019\u00e9poque des compromis est r\u00e9volue. Au lieu de cela, notre installation de pointe \u2013 plus laboratoire que d\u2019usine \u2013 offre une capacit\u00e9 de R&amp;D tout simplement in\u00e9gal\u00e9e dans l\u2019industrie.<br \/>\nNotre \u00e9tablissement ne produit pas plus de 999 bo\u00eetes de chaque s\u00e9rie ABC+ par jour. Cela rend chaque bo\u00eete tout \u00e0 fait sp\u00e9ciale. Cela signifie \u00e9galement que nous pouvons acheter des quantit\u00e9s de poisson beaucoup plus petites et que nous n\u2019avons pas \u00e0 d\u00e9velopper de concepts bas\u00e9s uniquement sur les volumes.<br \/>\nNos poissons sont s\u00e9lectionn\u00e9s selon ce qui est frais, de saison et surtout inspirant. Ceci, combin\u00e9 \u00e0 des sauces pr\u00e9par\u00e9es \u00e0 la main de mani\u00e8re saisonni\u00e8re, signifie qu\u2019aucune s\u00e9rie (ni m\u00eame aucune bo\u00eete) n\u2019est totalement identique. Au lieu d\u2019essayer en vain d\u2019imposer l\u2019uniformit\u00e9 au nom de la r\u00e9p\u00e9tition, nous embrassons cette unicit\u00e9 de l\u2019exp\u00e9rience, sachant que chaque bo\u00eete sera d\u00e9licieuse \u00e0 sa mani\u00e8re. De ce fait, nos produits ressemblent davantage \u00e0 un single malt \u00e9cossais qu\u2019\u00e0 un blended whisky.<br \/>\nEt tout cela positionne ABC+ pour conqu\u00e9rir le monde culinaire.        <\/p>\n","protected":false},"excerpt":{"rendered":"<p>&nbsp;<\/p>\n<p><strong>SAINT-PIERRE \u00c0 LA SAUCE \u00c0 LA MENTHE<\/strong><\/p>\n<p>Notre Saint-Pierre en conserve dans une sauce cr\u00e9meuse \u00e0 la menthe est un joyau culinaire qui r\u00e9unit des morceaux tendres de ce poisson exquis, une raret\u00e9 parmi les d\u00e9licatesses en conserve. Avec une pr\u00e9cision m\u00e9ticuleuse, le Saint-Pierre est habilement filet\u00e9 \u00e0 la main, garantissant que chaque filet conserve sa texture d\u00e9licate et sa jutosit\u00e9. Ces filets soigneusement pr\u00e9par\u00e9s sont ensuite emball\u00e9s individuellement \u00e0 la main, capturant l\u2019essence du savoir-faire artisanal dans chaque bo\u00eete. La sauce cr\u00e9meuse \u00e0 la menthe, un d\u00e9licieux m\u00e9lange de fra\u00eecheur et de richesse, rehausse les saveurs naturelles du Saint-Pierre et cr\u00e9e une symphonie de go\u00fbts. Les notes fra\u00eeches de menthe forment un contraste rafra\u00eechissant avec l\u2019onctuosit\u00e9 velout\u00e9e de la sauce. Profitez de l\u2019exp\u00e9rience extraordinaire de notre Saint-Pierre en conserve dans une sauce cr\u00e9meuse \u00e0 la menthe, o\u00f9 le poisson tendre et une sauce somptueuse s\u2019unissent pour offrir une exp\u00e9rience culinaire inoubliable. R\u00e9v\u00e9lez un monde de saveurs et savourez l\u2019allure de ces sp\u00e9cialit\u00e9s de poisson exceptionnelles.      <\/p>\n","protected":false},"featured_media":2469,"comment_status":"open","ping_status":"closed","template":"","meta":{"om_disable_all_campaigns":false,"_monsterinsights_skip_tracking":false,"_monsterinsights_sitenote_active":false,"_monsterinsights_sitenote_note":"","_monsterinsights_sitenote_category":0,"_uf_show_specific_survey":0,"_uf_disable_surveys":false},"product_brand":[],"product_cat":[407,543],"product_tag":[409,278,279,275,545,410,544,280],"giftcard-category":[],"class_list":{"0":"post-7239","1":"product","2":"type-product","3":"status-publish","4":"has-post-thumbnail","6":"product_cat-abc-by-jose-gourmet","7":"product_cat-saint-pierre","8":"product_tag-abc","9":"product_tag-boite","10":"product_tag-conserves","11":"product_tag-huile-dolive","12":"product_tag-menthe","13":"product_tag-portugal","14":"product_tag-saint-pierre","15":"product_tag-tinnedfishdatenight","17":"first","18":"instock","19":"taxable","20":"shipping-taxable","21":"purchasable","22":"product-type-simple"},"group_of_quantity":0,"min_quantity":0,"max_quantity":"","exclude_order_quantity_value_rules":"no","exclude_category_quantity_rules":"no","combine_variations":"no","aioseo_notices":[],"jetpack_sharing_enabled":true,"_links":{"self":[{"href":"https:\/\/sardineshop.be\/fr\/wp-json\/wp\/v2\/product\/7239","targetHints":{"allow":["GET"]}}],"collection":[{"href":"https:\/\/sardineshop.be\/fr\/wp-json\/wp\/v2\/product"}],"about":[{"href":"https:\/\/sardineshop.be\/fr\/wp-json\/wp\/v2\/types\/product"}],"replies":[{"embeddable":true,"href":"https:\/\/sardineshop.be\/fr\/wp-json\/wp\/v2\/comments?post=7239"}],"wp:featuredmedia":[{"embeddable":true,"href":"https:\/\/sardineshop.be\/fr\/wp-json\/wp\/v2\/media\/2469"}],"wp:attachment":[{"href":"https:\/\/sardineshop.be\/fr\/wp-json\/wp\/v2\/media?parent=7239"}],"wp:term":[{"taxonomy":"product_brand","embeddable":true,"href":"https:\/\/sardineshop.be\/fr\/wp-json\/wp\/v2\/product_brand?post=7239"},{"taxonomy":"product_cat","embeddable":true,"href":"https:\/\/sardineshop.be\/fr\/wp-json\/wp\/v2\/product_cat?post=7239"},{"taxonomy":"product_tag","embeddable":true,"href":"https:\/\/sardineshop.be\/fr\/wp-json\/wp\/v2\/product_tag?post=7239"},{"taxonomy":"giftcard-category","embeddable":true,"href":"https:\/\/sardineshop.be\/fr\/wp-json\/wp\/v2\/giftcard-category?post=7239"}],"curies":[{"name":"wp","href":"https:\/\/api.w.org\/{rel}","templated":true}]}}