{"id":7151,"date":"2025-02-26T10:08:08","date_gmt":"2025-02-26T10:08:08","guid":{"rendered":"https:\/\/sardineshop.be\/product\/sardines-millesimees-2024-coralie-joulin\/"},"modified":"2026-04-12T09:12:11","modified_gmt":"2026-04-12T07:12:11","slug":"sardines-millesimees-2024-coralie-joulin","status":"publish","type":"product","link":"https:\/\/sardineshop.be\/fr\/produit\/sardines-millesimees-2024-coralie-joulin\/","title":{"rendered":"Sardines mill\u00e9sim\u00e9es 2024 Coralie Joulin"},"content":{"rendered":"<div id=\"sardi-1847296425\" class=\"sardi-mei-2026 sardi-entity-placement\"><div style=\"background-color:#C34A41; text-align:center; padding:10px; color:white; font-weight:bold;\">\r\n  \ud83d\udd25 Marque du mois : Pinhais \u2013 20 % de r\u00e9duction sur 4 produits\r\n  <a href=\"https:\/\/sardineshop.be\/fr\/product-categorie\/pinhais\/\" style=\"color:white; text-decoration:underline;\">\r\n    D\u00e9couvrez l\u2019offre !\r\n  <\/a>\r\n\r\n<\/div><\/div><p><strong>Sardines mill\u00e9sim\u00e9es 2024 Coralie Joulin<\/strong><\/p>\n<p>Ces sardines mill\u00e9sim\u00e9es fran\u00e7aises pr\u00e9sentent un taux de mati\u00e8re grasse sup\u00e9rieur \u00e0 12 %.<\/p>\n<p>D\u00e8s leur arriv\u00e9e au port, les sardines rejoignent la conserverie o\u00f9 elles sont tri\u00e9es, coup\u00e9es et mises en bo\u00eete une \u00e0 une, \u00e0 la main. Elles sont ensuite recouvertes d\u2019huile d\u2019olive vierge extra. <\/p>\n<p>Les bo\u00eetes se conservent au moins 10 ans et il est recommand\u00e9 d\u2019attendre au minimum 3 \u00e0 4 ans avant la d\u00e9gustation.<\/p>\n<p>Au fil des ann\u00e9es, les sardines confisent dans l\u2019huile d\u2019olive et l\u2019ar\u00eate centrale se fond dans la chair du poisson.<\/p>\n<p>D\u2019une ann\u00e9e \u00e0 l\u2019autre, les saveurs des sardines peuvent varier. La m\u00e9t\u00e9o, la temp\u00e9rature de l\u2019oc\u00e9an et les courants marins sont autant de facteurs qui influenceront les notes gustatives des mill\u00e9sim\u00e9es. <\/p>\n<p>Une baguette fra\u00eeche, \u00e9ventuellement un peu de beurre et un verre de vin suffisent \u00e0 r\u00e9v\u00e9ler toutes les saveurs de ces exceptionnelles sardines mill\u00e9sim\u00e9es.<\/p>\n","protected":false},"excerpt":{"rendered":"<p>Mademoiselle Lulu s\u2019aventure au c\u0153ur de l\u2019espace, toujours en qu\u00eate de nouvelles d\u00e9couvertes. On y aper\u00e7oit bien s\u00fbr la lune et les \u00e9toiles, mais aussi de curieux poissons imagin\u00e9s par Coralie Joulin. Une nouvelle excursion qui sublime notre mill\u00e9sime 2024 !  <\/p>\n","protected":false},"featured_media":7152,"comment_status":"open","ping_status":"closed","template":"","meta":{"om_disable_all_campaigns":false,"_monsterinsights_skip_tracking":false,"_monsterinsights_sitenote_active":false,"_monsterinsights_sitenote_note":"","_monsterinsights_sitenote_category":0,"_uf_show_specific_survey":0,"_uf_disable_surveys":false},"product_brand":[],"product_cat":[281,282,273],"product_tag":[539,278,279,305,285,306,284,283,276,280],"giftcard-category":[],"class_list":{"0":"post-7151","1":"product","2":"type-product","3":"status-publish","4":"has-post-thumbnail","6":"product_cat-la-perle-des-dieux","7":"product_cat-millesimee","8":"product_cat-sardines","9":"product_tag-539","10":"product_tag-boite","11":"product_tag-conserves","12":"product_tag-coralie","13":"product_tag-france","14":"product_tag-joulin","15":"product_tag-la-perle-des-dieux","16":"product_tag-millesimees","17":"product_tag-sardines","18":"product_tag-tinnedfishdatenight","20":"first","21":"instock","22":"taxable","23":"shipping-taxable","24":"purchasable","25":"product-type-simple"},"group_of_quantity":0,"min_quantity":0,"max_quantity":"","exclude_order_quantity_value_rules":"no","exclude_category_quantity_rules":"no","combine_variations":"no","aioseo_notices":[],"jetpack_sharing_enabled":true,"_links":{"self":[{"href":"https:\/\/sardineshop.be\/fr\/wp-json\/wp\/v2\/product\/7151","targetHints":{"allow":["GET"]}}],"collection":[{"href":"https:\/\/sardineshop.be\/fr\/wp-json\/wp\/v2\/product"}],"about":[{"href":"https:\/\/sardineshop.be\/fr\/wp-json\/wp\/v2\/types\/product"}],"replies":[{"embeddable":true,"href":"https:\/\/sardineshop.be\/fr\/wp-json\/wp\/v2\/comments?post=7151"}],"wp:featuredmedia":[{"embeddable":true,"href":"https:\/\/sardineshop.be\/fr\/wp-json\/wp\/v2\/media\/7152"}],"wp:attachment":[{"href":"https:\/\/sardineshop.be\/fr\/wp-json\/wp\/v2\/media?parent=7151"}],"wp:term":[{"taxonomy":"product_brand","embeddable":true,"href":"https:\/\/sardineshop.be\/fr\/wp-json\/wp\/v2\/product_brand?post=7151"},{"taxonomy":"product_cat","embeddable":true,"href":"https:\/\/sardineshop.be\/fr\/wp-json\/wp\/v2\/product_cat?post=7151"},{"taxonomy":"product_tag","embeddable":true,"href":"https:\/\/sardineshop.be\/fr\/wp-json\/wp\/v2\/product_tag?post=7151"},{"taxonomy":"giftcard-category","embeddable":true,"href":"https:\/\/sardineshop.be\/fr\/wp-json\/wp\/v2\/giftcard-category?post=7151"}],"curies":[{"name":"wp","href":"https:\/\/api.w.org\/{rel}","templated":true}]}}