{"id":7014,"date":"2023-11-30T13:56:23","date_gmt":"2023-11-30T13:56:23","guid":{"rendered":"https:\/\/sardineshop.be\/product\/bonite-a-lhuile-piquante\/"},"modified":"2026-04-12T09:10:43","modified_gmt":"2026-04-12T07:10:43","slug":"bonite-a-lhuile-piquante","status":"publish","type":"product","link":"https:\/\/sardineshop.be\/fr\/produit\/bonite-a-lhuile-piquante\/","title":{"rendered":"Bonite \u00e0 l\u2019huile piquante"},"content":{"rendered":"<div id=\"sardi-2549786155\" class=\"sardi-mei-2026 sardi-entity-placement\"><div style=\"background-color:#C34A41; text-align:center; padding:10px; color:white; font-weight:bold;\">\r\n  \ud83d\udd25 Marque du mois : Pinhais \u2013 20 % de r\u00e9duction sur 4 produits\r\n  <a href=\"https:\/\/sardineshop.be\/fr\/product-categorie\/pinhais\/\" style=\"color:white; text-decoration:underline;\">\r\n    D\u00e9couvrez l\u2019offre !\r\n  <\/a>\r\n\r\n<\/div><\/div><p><strong>ALALUNGA<\/strong><\/p>\n<p>Artesanos Alalunga est un projet d\u2019\u00c1lvaro et Pablo, deux fr\u00e8res de Santander qui, il y a deux ans, occupaient un emploi stable hors de Cantabrie et produisent d\u00e9sormais des conserves de poisson. Aujourd\u2019hui, il n\u2019y a plus de retour en arri\u00e8re possible. Enthousiasme et sacrifice. Des heures et des heures de travail. Il n\u2019y a aucun secret.    <\/p>\n<p>L\u2019APPEL DE LA MER<br \/>\nApr\u00e8s un p\u00e9riple de pr\u00e8s de dix ans loin de leur terre pour \u00e9tudier, vivre, travailler et apprendre&#8230; bref, un sac \u00e0 dos rempli d\u2019exp\u00e9riences, ils ont entendu l\u2019appel de la mer Cantabrique. Ils se sont investis dans ce projet vital et familial et sont revenus dans leur pays natal, comme attir\u00e9s par un aimant. Voir leurs enfants grandir ici et construire ensemble un avenir, il n\u2019y a pas de meilleur endroit.  <\/p>\n<p>L\u2019INNOVATION DANS LA TRADITION<br \/>\nChez Alalunga, nous souhaitons lier la plus pure tradition de la conserve, pr\u00e9sente dans le nord de la p\u00e9ninsule depuis le XIXe si\u00e8cle, aux possibilit\u00e9s des nouvelles technologies culinaires afin de d\u00e9velopper les produits les plus exquis au go\u00fbt de la mer. Des poissons jamais mis en conserve auparavant, des rago\u00fbts de fruits de mer traditionnels qui ne pouvaient \u00eatre d\u00e9gust\u00e9s que sur leur lieu d\u2019origine \u2014 ce n\u2019est pas juste ! Nos conserves sont le fruit de mois de recherche en qu\u00eate de perfection. Et nous voulons conqu\u00e9rir le monde avec la saveur de notre mer, car tout le monde doit savoir que parler de conserves, c\u2019est parler d\u2019Alalunga.   <\/p>\n","protected":false},"excerpt":{"rendered":"<p><strong>Bonite \u00e0 l\u2019huile piquante<\/strong><\/p>\n<p>Morceaux de thon Germon (Bonito del Norte) napp\u00e9s d\u2019une huile au piment de Cayenne, lui conf\u00e9rant une d\u00e9licieuse touche relev\u00e9e.<\/p>\n<p><strong>Thon Germon<\/strong><\/p>\n<p>Les f\u00eates de la Virgen del Carmen, patronne des marins, et de la Virgen del Pilar marquent ann\u00e9e apr\u00e8s ann\u00e9e le d\u00e9but et la fin de la saison de p\u00eache du thon Germon (Thunnus alalunga) en mer Cantabrique.<\/p>\n<p>Ses eaux sont honor\u00e9es durant les mois d\u2019\u00e9t\u00e9 par la visite de ces poissons de premier choix qui s\u2019approchent de nos c\u00f4tes en qu\u00eate de nourriture. Ces thons \u00e0 la chair blanche et juteuse, dont notre projet tire son nom puisqu\u2019ils sont appel\u00e9s Alalunga, sont transform\u00e9s frais le jour m\u00eame de leur vente aux ench\u00e8res \u00e0 la cri\u00e9e. <\/p>\n<p>Burela, Avil\u00e9s, Santo\u00f1a, Colindres, Ondarroa, Hondarribia&#8230; Tous ces ports re\u00e7oivent des sp\u00e9cimens de la plus haute qualit\u00e9. Chaque thon est p\u00each\u00e9 \u00e0 la ligne par les marins du Nord. Dans notre atelier, nous ne transformons que des Germons de la mer Cantabrique p\u00each\u00e9s \u00e0 l\u2019hame\u00e7on durant la saison de la \u00ab costera \u00bb.   <\/p>\n<p>&nbsp;<\/p>\n","protected":false},"featured_media":2674,"comment_status":"open","ping_status":"closed","template":"","meta":{"om_disable_all_campaigns":false,"_monsterinsights_skip_tracking":false,"_monsterinsights_sitenote_active":false,"_monsterinsights_sitenote_note":"","_monsterinsights_sitenote_category":0,"_uf_show_specific_survey":0,"_uf_disable_surveys":false},"product_brand":[],"product_cat":[523,350],"product_tag":[278,378,279,354,275,467,364,280],"giftcard-category":[],"class_list":{"0":"post-7014","1":"product","2":"type-product","3":"status-publish","4":"has-post-thumbnail","6":"product_cat-alalunga","7":"product_cat-thon","8":"product_tag-boite","9":"product_tag-bonito","10":"product_tag-conserves","11":"product_tag-espagne","12":"product_tag-huile-dolive","13":"product_tag-pimente","14":"product_tag-thon","15":"product_tag-tinnedfishdatenight","17":"first","18":"outofstock","19":"taxable","20":"shipping-taxable","21":"purchasable","22":"product-type-simple"},"group_of_quantity":0,"min_quantity":0,"max_quantity":"","exclude_order_quantity_value_rules":"no","exclude_category_quantity_rules":"no","combine_variations":"no","aioseo_notices":[],"jetpack_sharing_enabled":true,"_links":{"self":[{"href":"https:\/\/sardineshop.be\/fr\/wp-json\/wp\/v2\/product\/7014","targetHints":{"allow":["GET"]}}],"collection":[{"href":"https:\/\/sardineshop.be\/fr\/wp-json\/wp\/v2\/product"}],"about":[{"href":"https:\/\/sardineshop.be\/fr\/wp-json\/wp\/v2\/types\/product"}],"replies":[{"embeddable":true,"href":"https:\/\/sardineshop.be\/fr\/wp-json\/wp\/v2\/comments?post=7014"}],"wp:featuredmedia":[{"embeddable":true,"href":"https:\/\/sardineshop.be\/fr\/wp-json\/wp\/v2\/media\/2674"}],"wp:attachment":[{"href":"https:\/\/sardineshop.be\/fr\/wp-json\/wp\/v2\/media?parent=7014"}],"wp:term":[{"taxonomy":"product_brand","embeddable":true,"href":"https:\/\/sardineshop.be\/fr\/wp-json\/wp\/v2\/product_brand?post=7014"},{"taxonomy":"product_cat","embeddable":true,"href":"https:\/\/sardineshop.be\/fr\/wp-json\/wp\/v2\/product_cat?post=7014"},{"taxonomy":"product_tag","embeddable":true,"href":"https:\/\/sardineshop.be\/fr\/wp-json\/wp\/v2\/product_tag?post=7014"},{"taxonomy":"giftcard-category","embeddable":true,"href":"https:\/\/sardineshop.be\/fr\/wp-json\/wp\/v2\/giftcard-category?post=7014"}],"curies":[{"name":"wp","href":"https:\/\/api.w.org\/{rel}","templated":true}]}}