{"id":6917,"date":"2018-02-19T08:22:14","date_gmt":"2018-02-19T08:22:14","guid":{"rendered":"https:\/\/sardineshop.be\/product\/maquereau-a-la-sauce-tomate-piquante\/"},"modified":"2026-04-12T09:07:54","modified_gmt":"2026-04-12T07:07:54","slug":"maquereau-a-la-sauce-tomate-piquante","status":"publish","type":"product","link":"https:\/\/sardineshop.be\/fr\/produit\/maquereau-a-la-sauce-tomate-piquante\/","title":{"rendered":"Maquereau \u00e0 la sauce tomate piquante"},"content":{"rendered":"<div id=\"sardi-2456881448\" class=\"sardi-mei-2026 sardi-entity-placement\"><div style=\"background-color:#C34A41; text-align:center; padding:10px; color:white; font-weight:bold;\">\r\n  \ud83d\udd25 Marque du mois : Pinhais \u2013 20 % de r\u00e9duction sur 4 produits\r\n  <a href=\"https:\/\/sardineshop.be\/fr\/product-categorie\/pinhais\/\" style=\"color:white; text-decoration:underline;\">\r\n    D\u00e9couvrez l\u2019offre !\r\n  <\/a>\r\n\r\n<\/div><\/div><p><strong>Pinhais \u2013 Maquereau \u00e0 la sauce tomate piquante<\/strong><\/p>\n<p>La r\u00e9f\u00e9rence des conserves de poisson au Portugal.<\/p>\n<p>Sous le symbolisme du p\u00eacheur, Pinhais pr\u00e9serve sa relation historique avec la mer, ainsi que le courage et la force de surmonter les d\u00e9fis de la nature.<br \/>\nG\u00e9n\u00e9ration apr\u00e8s g\u00e9n\u00e9ration, apportant de la valeur \u00e0 notre table.<\/p>\n<p>Pinhais incarne l\u2019h\u00e9ritage le plus raffin\u00e9 et le plus soigneusement pr\u00e9serv\u00e9 des conserves de poisson, disponible pour ceux qui appr\u00e9cient la long\u00e9vit\u00e9 et le savoir-faire. Pinhais ch\u00e9rit l\u2019h\u00e9ritage unique d\u2019une conserverie de trois g\u00e9n\u00e9rations, transmise de mains expertes \u00e0 celles de filles et d\u2019une petite-fille, pour offrir aux consommateurs un go\u00fbt de 100 ans de tradition. <\/p>\n","protected":false},"excerpt":{"rendered":"<p>Pinhais est toujours rest\u00e9e fid\u00e8le \u00e0 sa m\u00e9thode de production artisanale. Cela a permis \u00e0 ses produits, d\u2019une qualit\u00e9 exceptionnelle, d\u2019\u00eatre appr\u00e9ci\u00e9s par les gourmets du monde entier. La marque se distingue en travaillant uniquement avec du poisson de la plus haute qualit\u00e9 et en utilisant des ingr\u00e9dients frais.  <\/p>\n","protected":false},"featured_media":2530,"comment_status":"open","ping_status":"closed","template":"","meta":{"om_disable_all_campaigns":false,"_monsterinsights_skip_tracking":false,"_monsterinsights_sitenote_active":false,"_monsterinsights_sitenote_note":"","_monsterinsights_sitenote_category":0,"_uf_show_specific_survey":0,"_uf_disable_surveys":false},"product_brand":[],"product_cat":[478,452],"product_tag":[278,279,456,467,454,410,505,280,509],"giftcard-category":[],"class_list":{"0":"post-6917","1":"product","2":"type-product","3":"status-publish","4":"has-post-thumbnail","6":"product_cat-maquereau","7":"product_cat-pinhais","8":"product_tag-boite","9":"product_tag-conserves","10":"product_tag-maquereau","11":"product_tag-pimente","12":"product_tag-pinhais","13":"product_tag-portugal","14":"product_tag-sauce-tomate","15":"product_tag-tinnedfishdatenight","16":"product_tag-tomate","18":"first","19":"instock","20":"featured","21":"taxable","22":"shipping-taxable","23":"purchasable","24":"product-type-simple"},"group_of_quantity":0,"min_quantity":0,"max_quantity":"","exclude_order_quantity_value_rules":"no","exclude_category_quantity_rules":"no","combine_variations":"no","aioseo_notices":[],"jetpack_sharing_enabled":true,"_links":{"self":[{"href":"https:\/\/sardineshop.be\/fr\/wp-json\/wp\/v2\/product\/6917","targetHints":{"allow":["GET"]}}],"collection":[{"href":"https:\/\/sardineshop.be\/fr\/wp-json\/wp\/v2\/product"}],"about":[{"href":"https:\/\/sardineshop.be\/fr\/wp-json\/wp\/v2\/types\/product"}],"replies":[{"embeddable":true,"href":"https:\/\/sardineshop.be\/fr\/wp-json\/wp\/v2\/comments?post=6917"}],"wp:featuredmedia":[{"embeddable":true,"href":"https:\/\/sardineshop.be\/fr\/wp-json\/wp\/v2\/media\/2530"}],"wp:attachment":[{"href":"https:\/\/sardineshop.be\/fr\/wp-json\/wp\/v2\/media?parent=6917"}],"wp:term":[{"taxonomy":"product_brand","embeddable":true,"href":"https:\/\/sardineshop.be\/fr\/wp-json\/wp\/v2\/product_brand?post=6917"},{"taxonomy":"product_cat","embeddable":true,"href":"https:\/\/sardineshop.be\/fr\/wp-json\/wp\/v2\/product_cat?post=6917"},{"taxonomy":"product_tag","embeddable":true,"href":"https:\/\/sardineshop.be\/fr\/wp-json\/wp\/v2\/product_tag?post=6917"},{"taxonomy":"giftcard-category","embeddable":true,"href":"https:\/\/sardineshop.be\/fr\/wp-json\/wp\/v2\/giftcard-category?post=6917"}],"curies":[{"name":"wp","href":"https:\/\/api.w.org\/{rel}","templated":true}]}}