{"id":6366,"date":"2023-06-17T13:20:22","date_gmt":"2023-06-17T13:20:22","guid":{"rendered":"https:\/\/sardineshop.be\/product\/ventresca-de-thon-grillee\/"},"modified":"2026-04-12T08:59:58","modified_gmt":"2026-04-12T06:59:58","slug":"ventresca-de-thon-grillee","status":"publish","type":"product","link":"https:\/\/sardineshop.be\/fr\/produit\/ventresca-de-thon-grillee\/","title":{"rendered":"Ventresca de thon grill\u00e9e"},"content":{"rendered":"<div id=\"sardi-695832581\" class=\"sardi-mei-2026 sardi-entity-placement\"><div style=\"background-color:#C34A41; text-align:center; padding:10px; color:white; font-weight:bold;\">\r\n  \ud83d\udd25 Marque du mois : Pinhais \u2013 20 % de r\u00e9duction sur 4 produits\r\n  <a href=\"https:\/\/sardineshop.be\/fr\/product-categorie\/pinhais\/\" style=\"color:white; text-decoration:underline;\">\r\n    D\u00e9couvrez l\u2019offre !\r\n  <\/a>\r\n\r\n<\/div><\/div><p><strong>Ventresca de thon grill\u00e9e<\/strong><\/p>\n<p>Lorsqu\u2019un projet repose sur une passion pure, il ne risque pas de passer inaper\u00e7u. Et derri\u00e8re ce projet se cache un homme affam\u00e9. Affam\u00e9 de r\u00e9aliser l\u2019in\u00e9dit. Affam\u00e9 de r\u00e9inventer le monde de la conserve et de changer la perception du \u00ab manger en bo\u00eete \u00bb.   <\/p>\n<p>C\u2019est ainsi qu\u2019Abel \u00c1lvarez, de son restaurant G\u00fceyu Mar \u00e0 Playa de Vega, a eu l\u2019id\u00e9e de jouer avec le feu.<\/p>\n<p>Apr\u00e8s de nombreuses ann\u00e9es de recherche et de tests, Abel Alvarez a r\u00e9ussi \u00e0 conserver les produits de la mer qu\u2019il saisit d\u2019abord au gril, tout en pr\u00e9servant impeccablement leur saveur, leur ar\u00f4me et leur texture.<br \/>\nDu pur artisanat.<br \/>\nUn processus complexe, laborieux et enti\u00e8rement fait main, m\u00ealant qu\u00eate de tr\u00e9sors marins, parfums de bois s\u00e9lectionn\u00e9s et huiles aux textures divines. Sardines, couteaux, coques, thon, moules&#8230; des produits de la plus haute qualit\u00e9, grill\u00e9s puis mis en conserve, transformant l\u2019ouverture d\u2019une bo\u00eete en un d\u00e9licieux repas aux saveurs marines et de braise de G\u00fceyu Mar. <\/p>\n<p>&nbsp;<\/p>\n","protected":false},"excerpt":{"rendered":"<p>Thon rouge sauvage d\u2019Almadraba. Une ventresca de haute qualit\u00e9 r\u00f4tie au bois de ch\u00eane vert et conserv\u00e9e dans de l\u2019huile d\u2019olive extra vierge Arbequina de Castillo de Canena. <\/p>\n","protected":false},"featured_media":1999,"comment_status":"open","ping_status":"closed","template":"","meta":{"om_disable_all_campaigns":false,"_monsterinsights_skip_tracking":false,"_monsterinsights_sitenote_active":false,"_monsterinsights_sitenote_note":"","_monsterinsights_sitenote_category":0,"_uf_show_specific_survey":0,"_uf_disable_surveys":false},"product_brand":[],"product_cat":[363,350,352],"product_tag":[278,279,354,365,364,280,353],"giftcard-category":[],"class_list":{"0":"post-6366","1":"product","2":"type-product","3":"status-publish","4":"has-post-thumbnail","6":"product_cat-gueyu-mar","7":"product_cat-thon","8":"product_cat-ventreche","9":"product_tag-boite","10":"product_tag-conserves","11":"product_tag-espagne","12":"product_tag-gueyumar","13":"product_tag-thon","14":"product_tag-tinnedfishdatenight","15":"product_tag-ventreche","17":"first","18":"instock","19":"taxable","20":"shipping-taxable","21":"purchasable","22":"product-type-simple"},"group_of_quantity":0,"min_quantity":0,"max_quantity":"","exclude_order_quantity_value_rules":"no","exclude_category_quantity_rules":"no","combine_variations":"no","aioseo_notices":[],"jetpack_sharing_enabled":true,"_links":{"self":[{"href":"https:\/\/sardineshop.be\/fr\/wp-json\/wp\/v2\/product\/6366","targetHints":{"allow":["GET"]}}],"collection":[{"href":"https:\/\/sardineshop.be\/fr\/wp-json\/wp\/v2\/product"}],"about":[{"href":"https:\/\/sardineshop.be\/fr\/wp-json\/wp\/v2\/types\/product"}],"replies":[{"embeddable":true,"href":"https:\/\/sardineshop.be\/fr\/wp-json\/wp\/v2\/comments?post=6366"}],"wp:featuredmedia":[{"embeddable":true,"href":"https:\/\/sardineshop.be\/fr\/wp-json\/wp\/v2\/media\/1999"}],"wp:attachment":[{"href":"https:\/\/sardineshop.be\/fr\/wp-json\/wp\/v2\/media?parent=6366"}],"wp:term":[{"taxonomy":"product_brand","embeddable":true,"href":"https:\/\/sardineshop.be\/fr\/wp-json\/wp\/v2\/product_brand?post=6366"},{"taxonomy":"product_cat","embeddable":true,"href":"https:\/\/sardineshop.be\/fr\/wp-json\/wp\/v2\/product_cat?post=6366"},{"taxonomy":"product_tag","embeddable":true,"href":"https:\/\/sardineshop.be\/fr\/wp-json\/wp\/v2\/product_tag?post=6366"},{"taxonomy":"giftcard-category","embeddable":true,"href":"https:\/\/sardineshop.be\/fr\/wp-json\/wp\/v2\/giftcard-category?post=6366"}],"curies":[{"name":"wp","href":"https:\/\/api.w.org\/{rel}","templated":true}]}}